{"id":1255,"date":"2025-06-27T12:32:59","date_gmt":"2025-06-27T10:32:59","guid":{"rendered":"https:\/\/institutos.educarex.es\/conservatorioalmendralejo\/?page_id=1255"},"modified":"2025-06-27T12:42:58","modified_gmt":"2025-06-27T10:42:58","slug":"profesorado-y-departamentos-didacticos","status":"publish","type":"page","link":"https:\/\/institutos.educarex.es\/conservatorioalmendralejo\/el-centro\/organigrama\/profesorado-y-departamentos-didacticos\/","title":{"rendered":"Profesorado y Departamentos did\u00e1cticos"},"content":{"rendered":"\n<div style=\"height:100px\" aria-hidden=\"true\" class=\"wp-block-spacer\"><\/div>\n\n\n\n<h1 class=\"wp-block-heading has-text-align-center has-white-color has-text-color has-background has-link-color wp-elements-a4023bf9a07faa4a15c353a84530ead7\" style=\"background-color:#666666\"><strong>Curso 2024\/2025<\/strong><\/h1>\n\n\n\n<div style=\"height:30px\" aria-hidden=\"true\" class=\"wp-block-spacer\"><\/div>\n\n\n\n<hr class=\"wp-block-separator has-alpha-channel-opacity\"\/>\n\n\n\n<div style=\"height:30px\" aria-hidden=\"true\" class=\"wp-block-spacer\"><\/div>\n\n\n\n<h2 class=\"wp-block-heading\"><strong>Departamento de Lenguaje Musical y Composici\u00f3n<\/strong><\/h2>\n\n\n\n<ul class=\"wp-block-list\">\n<li>Irene Romero Garc\u00eda (jefatura de departamento)<\/li>\n\n\n\n<li>Susana Diezma Guerra<\/li>\n\n\n\n<li>Mar\u00eda de la Paloma S\u00e1nchez Rodr\u00edguez<\/li>\n\n\n\n<li>Tom\u00e1s S\u00e1nchez S\u00e1nchez<\/li>\n\n\n\n<li>Mar\u00eda Tard\u00edo Cabrera (ITED)<\/li>\n\n\n\n<li>Profesorado de distintas especialidades<\/li>\n<\/ul>\n\n\n\n<p>Asignaturas: Lenguaje musical, Coro, Armon\u00eda, An\u00e1lisis, Fundamentos de la composici\u00f3n, Historia de la M\u00fasica, Introducci\u00f3n al Jazz e Inform\u00e1tica Musical.<\/p>\n\n\n\n<div style=\"height:30px\" aria-hidden=\"true\" class=\"wp-block-spacer\"><\/div>\n\n\n\n<hr class=\"wp-block-separator has-alpha-channel-opacity\"\/>\n\n\n\n<div style=\"height:31px\" aria-hidden=\"true\" class=\"wp-block-spacer\"><\/div>\n\n\n\n<h2 class=\"wp-block-heading\"><strong>Departamento de Cuerda<\/strong><\/h2>\n\n\n\n<p><strong>Viol\u00edn<\/strong><\/p>\n\n\n\n<ul class=\"wp-block-list\">\n<li>Mar\u00eda V\u00e1zquez Garc\u00eda (jefatura de departamento)<\/li>\n\n\n\n<li>Sergio Bola\u00f1os Aguilar<\/li>\n\n\n\n<li>Miguel \u00c1ngel Navarro Hermosell<\/li>\n\n\n\n<li>Luis Dami\u00e1n Ortiz Garc\u00eda<\/li>\n<\/ul>\n\n\n\n<p><strong>Viola<\/strong><\/p>\n\n\n\n<ul class=\"wp-block-list\">\n<li>David Montes Dom\u00ednguez (direcci\u00f3n)<\/li>\n\n\n\n<li>Carmen Mar\u00eda Mart\u00ednez Cruz<\/li>\n<\/ul>\n\n\n\n<p><strong>Violonchelo<\/strong><\/p>\n\n\n\n<ul class=\"wp-block-list\">\n<li>Roberto Alonso \u00c1lvarez<\/li>\n\n\n\n<li>Carlos Alfonso Nicol\u00e1s Alonso<\/li>\n<\/ul>\n\n\n\n<p><strong>Contrabajo<\/strong><\/p>\n\n\n\n<ul class=\"wp-block-list\">\n<li>Alfredo Carri\u00f3n Pareja (coordinaci\u00f3n C.P.R.)<\/li>\n<\/ul>\n\n\n\n<p>Asignaturas: Viol\u00edn, Viola, Violonchelo, Contrabajo, Colectiva, Bajo el\u00e9ctrico y Orquesta Piccolo.<\/p>\n\n\n\n<div style=\"height:36px\" aria-hidden=\"true\" class=\"wp-block-spacer\"><\/div>\n\n\n\n<hr class=\"wp-block-separator has-alpha-channel-opacity\"\/>\n\n\n\n<div style=\"height:30px\" aria-hidden=\"true\" class=\"wp-block-spacer\"><\/div>\n\n\n\n<h2 class=\"wp-block-heading\"><strong>Departamento de Guitarra<\/strong><\/h2>\n\n\n\n<ul class=\"wp-block-list\">\n<li>Paloma Torrellas Baj\u00f3n (jefatura de departamento)<\/li>\n\n\n\n<li>Pablo Barrantes Pulido<\/li>\n\n\n\n<li>Fernando Bermejo Herrero (coordinaci\u00f3n RadioEdu y CITE)<\/li>\n\n\n\n<li>\u00d3scar L\u00f3pez Plaza<\/li>\n\n\n\n<li>Beatriz Mac\u00edas Moreno<\/li>\n\n\n\n<li>Ana Mor\u00ed\u00f1igo Ramos (jefatura de estudios)<\/li>\n<\/ul>\n\n\n\n<p>Asignaturas: Guitarra, Guitarra el\u00e9ctrica, Colectiva y Conjunto instrumental.<\/p>\n\n\n\n<div style=\"height:30px\" aria-hidden=\"true\" class=\"wp-block-spacer\"><\/div>\n\n\n\n<hr class=\"wp-block-separator has-alpha-channel-opacity\"\/>\n\n\n\n<div style=\"height:30px\" aria-hidden=\"true\" class=\"wp-block-spacer\"><\/div>\n\n\n\n<h2 class=\"wp-block-heading\"><strong>Departamento de Viento y Percusi\u00f3n<\/strong><\/h2>\n\n\n\n<p><strong>Oboe<\/strong><\/p>\n\n\n\n<ul class=\"wp-block-list\">\n<li>Antonio Sab\u00edn Garc\u00eda (jefatura de departamento)<\/li>\n<\/ul>\n\n\n\n<p><strong>Flauta travesera<\/strong><\/p>\n\n\n\n<ul class=\"wp-block-list\">\n<li>Inmaculada Garc\u00eda Gramuntell (coordinaci\u00f3n EE.PP.)<\/li>\n\n\n\n<li>Luc\u00eda Carbonero G\u00f3mez<\/li>\n<\/ul>\n\n\n\n<p><strong>Clarinete<\/strong><\/p>\n\n\n\n<ul class=\"wp-block-list\">\n<li>Manuel Gago Fern\u00e1ndez<\/li>\n\n\n\n<li>Juan Luis S\u00e1ez Salvador<\/li>\n<\/ul>\n\n\n\n<p><strong>Fagot<\/strong><\/p>\n\n\n\n<ul class=\"wp-block-list\">\n<li>Carmen Mar\u00eda Rodr\u00edguez Rodr\u00edguez<\/li>\n<\/ul>\n\n\n\n<p><strong>Saxof\u00f3n<\/strong><\/p>\n\n\n\n<ul class=\"wp-block-list\">\n<li>&nbsp;Sara Guzm\u00e1n Gonz\u00e1lez<\/li>\n<\/ul>\n\n\n\n<p><strong>Trompa<\/strong><\/p>\n\n\n\n<ul class=\"wp-block-list\">\n<li>Sandra Moreno Tendero<\/li>\n<\/ul>\n\n\n\n<p><strong>Trompeta<\/strong><\/p>\n\n\n\n<ul class=\"wp-block-list\">\n<li>Jes\u00fas Mar\u00eda S\u00e1nchez Conde<\/li>\n<\/ul>\n\n\n\n<p><strong>Tromb\u00f3n<\/strong><\/p>\n\n\n\n<ul class=\"wp-block-list\">\n<li>Javier Mola Juan (coordinaci\u00f3n EE.EE.)<\/li>\n<\/ul>\n\n\n\n<p><strong>Percusi\u00f3n<\/strong><\/p>\n\n\n\n<ul class=\"wp-block-list\">\n<li>Rafael Huertas Ariza<\/li>\n<\/ul>\n\n\n\n<p>Asignaturas: Flauta travesera, Oboe, Clarinete, Fagot, Saxof\u00f3n, Trompeta, Trompa, Tromb\u00f3n, Percusi\u00f3n, Colectiva y Banda.<\/p>\n\n\n\n<div style=\"height:30px\" aria-hidden=\"true\" class=\"wp-block-spacer\"><\/div>\n\n\n\n<hr class=\"wp-block-separator has-alpha-channel-opacity\"\/>\n\n\n\n<div style=\"height:30px\" aria-hidden=\"true\" class=\"wp-block-spacer\"><\/div>\n\n\n\n<h2 class=\"wp-block-heading\"><strong>Departamento de Piano y Canto<\/strong><\/h2>\n\n\n\n<p><strong>Piano<\/strong><\/p>\n\n\n\n<ul class=\"wp-block-list\">\n<li>Juan Antonio Grillo Garc\u00eda (jefatura de departamento)<\/li>\n\n\n\n<li>Francisco Javier \u00c1lvarez Ramos<\/li>\n\n\n\n<li>Ana Bautista Ramas<\/li>\n\n\n\n<li>Mar\u00eda Cano Blanco<\/li>\n\n\n\n<li>Marina Carrasco D\u00f3mine<\/li>\n\n\n\n<li>Sara Gonz\u00e1lez Cabanillas<\/li>\n\n\n\n<li>Pedro Luis L\u00f3pez Fern\u00e1ndez<\/li>\n\n\n\n<li>Paloma Mar\u00edn Salas<\/li>\n\n\n\n<li>Eduardo Mira Anzola<\/li>\n\n\n\n<li>Jose Luis Moreno S\u00e1nchez<\/li>\n\n\n\n<li>Aurora Murillo Zamorano (secretar\u00eda)<\/li>\n\n\n\n<li>\u00c1ngel Silva Dacosta<\/li>\n\n\n\n<li>Laura Tom\u00e9 Pantrigo<\/li>\n<\/ul>\n\n\n\n<p><strong>Canto<\/strong><\/p>\n\n\n\n<ul class=\"wp-block-list\">\n<li>Celia S\u00e1nchez del R\u00edo (coordinaci\u00f3n de Igualdad, Bienestar, Biblioteca y Librarium)<\/li>\n<\/ul>\n\n\n\n<p>Asignaturas: Canto, Piano, Piano complementario, Colectiva, Conjunto instrumental, Acompa\u00f1amiento e Idiomas aplicados al canto.<\/p>\n\n\n\n<div style=\"height:30px\" aria-hidden=\"true\" class=\"wp-block-spacer\"><\/div>\n\n\n\n<hr class=\"wp-block-separator has-alpha-channel-opacity\"\/>\n\n\n\n<div style=\"height:30px\" aria-hidden=\"true\" class=\"wp-block-spacer\"><\/div>\n\n\n\n<h2 class=\"wp-block-heading\"><strong>Departamento de M\u00fasica de C\u00e1mara y Agrupaciones Instrumentales<\/strong><\/h2>\n\n\n\n<ul class=\"wp-block-list\">\n<li>Francisco Javier \u00c1lvarez Ramos (jefatura de departamento)<\/li>\n\n\n\n<li>Profesorado de distintas especialidades<\/li>\n<\/ul>\n\n\n\n<p>Asignaturas: M\u00fasica de C\u00e1mara, Orquesta y Banda<\/p>\n\n\n\n<div style=\"height:100px\" aria-hidden=\"true\" class=\"wp-block-spacer\"><\/div>\n","protected":false},"excerpt":{"rendered":"<p>Curso 2024\/2025 Departamento de Lenguaje Musical y Composici\u00f3n Asignaturas: Lenguaje musical, Coro, Armon\u00eda, An\u00e1lisis, Fundamentos de la composici\u00f3n, Historia de la M\u00fasica, Introducci\u00f3n al Jazz e Inform\u00e1tica Musical. Departamento de [&hellip;]<\/p>\n","protected":false},"author":2730,"featured_media":1257,"parent":1240,"menu_order":2,"comment_status":"closed","ping_status":"closed","template":"","meta":{"_uag_custom_page_level_css":"","_editorskit_title_hidden":true,"_editorskit_reading_time":0,"_editorskit_is_block_options_detached":false,"_editorskit_block_options_position":"{}","footnotes":""},"class_list":["post-1255","page","type-page","status-publish","has-post-thumbnail","hentry"],"uagb_featured_image_src":{"full":["https:\/\/institutos.educarex.es\/conservatorioalmendralejo\/wp-content\/uploads\/sites\/200\/2025\/06\/banner_Profesorado_departamentos.png",1025,179,false],"thumbnail":["https:\/\/institutos.educarex.es\/conservatorioalmendralejo\/wp-content\/uploads\/sites\/200\/2025\/06\/banner_Profesorado_departamentos-300x179.png",300,179,true],"medium":["https:\/\/institutos.educarex.es\/conservatorioalmendralejo\/wp-content\/uploads\/sites\/200\/2025\/06\/banner_Profesorado_departamentos-600x105.png",600,105,true],"medium_large":["https:\/\/institutos.educarex.es\/conservatorioalmendralejo\/wp-content\/uploads\/sites\/200\/2025\/06\/banner_Profesorado_departamentos-768x134.png",768,134,true],"large":["https:\/\/institutos.educarex.es\/conservatorioalmendralejo\/wp-content\/uploads\/sites\/200\/2025\/06\/banner_Profesorado_departamentos.png",1025,179,false],"1536x1536":["https:\/\/institutos.educarex.es\/conservatorioalmendralejo\/wp-content\/uploads\/sites\/200\/2025\/06\/banner_Profesorado_departamentos.png",1025,179,false],"2048x2048":["https:\/\/institutos.educarex.es\/conservatorioalmendralejo\/wp-content\/uploads\/sites\/200\/2025\/06\/banner_Profesorado_departamentos.png",1025,179,false]},"uagb_author_info":{"display_name":"Mar\u00eda Tard\u00edo Cabrera","author_link":"https:\/\/institutos.educarex.es\/conservatorioalmendralejo\/author\/maria-tardio\/"},"uagb_comment_info":0,"uagb_excerpt":"Curso 2024\/2025 Departamento de Lenguaje Musical y Composici\u00f3n Asignaturas: Lenguaje musical, Coro, Armon\u00eda, An\u00e1lisis, Fundamentos de la composici\u00f3n, Historia de la M\u00fasica, Introducci\u00f3n al Jazz e Inform\u00e1tica Musical. Departamento de [&hellip;]","_links":{"self":[{"href":"https:\/\/institutos.educarex.es\/conservatorioalmendralejo\/wp-json\/wp\/v2\/pages\/1255","targetHints":{"allow":["GET"]}}],"collection":[{"href":"https:\/\/institutos.educarex.es\/conservatorioalmendralejo\/wp-json\/wp\/v2\/pages"}],"about":[{"href":"https:\/\/institutos.educarex.es\/conservatorioalmendralejo\/wp-json\/wp\/v2\/types\/page"}],"author":[{"embeddable":true,"href":"https:\/\/institutos.educarex.es\/conservatorioalmendralejo\/wp-json\/wp\/v2\/users\/2730"}],"replies":[{"embeddable":true,"href":"https:\/\/institutos.educarex.es\/conservatorioalmendralejo\/wp-json\/wp\/v2\/comments?post=1255"}],"version-history":[{"count":3,"href":"https:\/\/institutos.educarex.es\/conservatorioalmendralejo\/wp-json\/wp\/v2\/pages\/1255\/revisions"}],"predecessor-version":[{"id":1261,"href":"https:\/\/institutos.educarex.es\/conservatorioalmendralejo\/wp-json\/wp\/v2\/pages\/1255\/revisions\/1261"}],"up":[{"embeddable":true,"href":"https:\/\/institutos.educarex.es\/conservatorioalmendralejo\/wp-json\/wp\/v2\/pages\/1240"}],"wp:featuredmedia":[{"embeddable":true,"href":"https:\/\/institutos.educarex.es\/conservatorioalmendralejo\/wp-json\/wp\/v2\/media\/1257"}],"wp:attachment":[{"href":"https:\/\/institutos.educarex.es\/conservatorioalmendralejo\/wp-json\/wp\/v2\/media?parent=1255"}],"curies":[{"name":"wp","href":"https:\/\/api.w.org\/{rel}","templated":true}]}}