{"id":185,"date":"2023-02-04T13:56:22","date_gmt":"2023-02-04T12:56:22","guid":{"rendered":"https:\/\/institutos.educarex.es\/ieshyturismo\/?page_id=185"},"modified":"2023-03-28T20:37:40","modified_gmt":"2023-03-28T18:37:40","slug":"librarium","status":"publish","type":"page","link":"https:\/\/institutos.educarex.es\/ieshyturismo\/proyectos\/librarium\/","title":{"rendered":"Librarium"},"content":{"rendered":"\n<p><strong><a href=\"https:\/\/librarium.educarex.es\/\" target=\"_blank\" aria-label=\"Librarium (opens in a new tab)\" rel=\"noreferrer noopener\" class=\"ek-link\">Librarium<\/a><\/strong> es la biblioteca digital que la Consejer\u00eda de Educaci\u00f3n y Empleo de la Junta de Extremadura pone a disposici\u00f3n de las bibliotecas escolares extreme\u00f1as, cofinanciada por el Fondo Europeo de Desarrollo Regional (FEDER). Proporciona una plataforma de pr\u00e9stamo digital y descarga gratuita, as\u00ed como otra de lectura colaborativa, para crear y gestionar clubes de lectura digitales.<\/p>\n\n\n\n<h2 class=\"wp-block-heading\">Novedades<\/h2>\n\n\n\n\t\t\t<div class=\"wp-block-uagb-post-grid uagb-post-grid  uagb-post__image-position-top uagb-post__image-enabled uagb-block-db1ea38a     uagb-post__items uagb-post__columns-2 is-grid uagb-post__columns-tablet-2 uagb-post__columns-mobile-1 uagb-post__equal-height\" data-total=\"0\" style=\"\">\n\n\t\t\t\t\t\t\t\t\t<p class=\"uagb-post__no-posts\">\n\t\t\t\t\t\tNo hay art\u00edculos sobre el programa Librarium\t\t\t\t\t<\/p>\n\t\t\t\t\t\t\t\t<\/div>\n\t\t\t","protected":false},"excerpt":{"rendered":"<p>Librarium es la biblioteca digital que la Consejer\u00eda de Educaci\u00f3n y Empleo de la Junta de Extremadura pone a disposici\u00f3n de las bibliotecas escolares extreme\u00f1as, cofinanciada por el Fondo Europeo [&hellip;]<\/p>\n","protected":false},"author":2,"featured_media":326,"parent":69,"menu_order":0,"comment_status":"closed","ping_status":"closed","template":"","meta":{"_uag_custom_page_level_css":"","_editorskit_title_hidden":true,"_editorskit_reading_time":1,"_editorskit_is_block_options_detached":false,"_editorskit_block_options_position":"{}","footnotes":""},"class_list":["post-185","page","type-page","status-publish","has-post-thumbnail","hentry"],"uagb_featured_image_src":{"full":["https:\/\/institutos.educarex.es\/ieshyturismo\/wp-content\/uploads\/sites\/178\/2023\/02\/banner_librarium.png",1024,179,false],"thumbnail":["https:\/\/institutos.educarex.es\/ieshyturismo\/wp-content\/uploads\/sites\/178\/2023\/02\/banner_librarium.png",300,52,false],"medium":["https:\/\/institutos.educarex.es\/ieshyturismo\/wp-content\/uploads\/sites\/178\/2023\/02\/banner_librarium.png",600,105,false],"medium_large":["https:\/\/institutos.educarex.es\/ieshyturismo\/wp-content\/uploads\/sites\/178\/2023\/02\/banner_librarium-768x134.png",768,134,true],"large":["https:\/\/institutos.educarex.es\/ieshyturismo\/wp-content\/uploads\/sites\/178\/2023\/02\/banner_librarium.png",1024,179,false],"1536x1536":["https:\/\/institutos.educarex.es\/ieshyturismo\/wp-content\/uploads\/sites\/178\/2023\/02\/banner_librarium.png",1024,179,false],"2048x2048":["https:\/\/institutos.educarex.es\/ieshyturismo\/wp-content\/uploads\/sites\/178\/2023\/02\/banner_librarium.png",1024,179,false]},"uagb_author_info":{"display_name":"Manuel Narv\u00e1ez Mart\u00ednez","author_link":"https:\/\/institutos.educarex.es\/ieshyturismo\/author\/admin257\/"},"uagb_comment_info":0,"uagb_excerpt":"Librarium es la biblioteca digital que la Consejer\u00eda de Educaci\u00f3n y Empleo de la Junta de Extremadura pone a disposici\u00f3n de las bibliotecas escolares extreme\u00f1as, cofinanciada por el Fondo Europeo [&hellip;]","_links":{"self":[{"href":"https:\/\/institutos.educarex.es\/ieshyturismo\/wp-json\/wp\/v2\/pages\/185","targetHints":{"allow":["GET"]}}],"collection":[{"href":"https:\/\/institutos.educarex.es\/ieshyturismo\/wp-json\/wp\/v2\/pages"}],"about":[{"href":"https:\/\/institutos.educarex.es\/ieshyturismo\/wp-json\/wp\/v2\/types\/page"}],"author":[{"embeddable":true,"href":"https:\/\/institutos.educarex.es\/ieshyturismo\/wp-json\/wp\/v2\/users\/2"}],"replies":[{"embeddable":true,"href":"https:\/\/institutos.educarex.es\/ieshyturismo\/wp-json\/wp\/v2\/comments?post=185"}],"version-history":[{"count":3,"href":"https:\/\/institutos.educarex.es\/ieshyturismo\/wp-json\/wp\/v2\/pages\/185\/revisions"}],"predecessor-version":[{"id":1084,"href":"https:\/\/institutos.educarex.es\/ieshyturismo\/wp-json\/wp\/v2\/pages\/185\/revisions\/1084"}],"up":[{"embeddable":true,"href":"https:\/\/institutos.educarex.es\/ieshyturismo\/wp-json\/wp\/v2\/pages\/69"}],"wp:featuredmedia":[{"embeddable":true,"href":"https:\/\/institutos.educarex.es\/ieshyturismo\/wp-json\/wp\/v2\/media\/326"}],"wp:attachment":[{"href":"https:\/\/institutos.educarex.es\/ieshyturismo\/wp-json\/wp\/v2\/media?parent=185"}],"curies":[{"name":"wp","href":"https:\/\/api.w.org\/{rel}","templated":true}]}}